{"id":3042,"date":"2022-08-30T13:19:04","date_gmt":"2022-08-30T13:19:04","guid":{"rendered":"https:\/\/www.gunesdoor.com.tr\/contact-us\/"},"modified":"2022-08-30T13:58:11","modified_gmt":"2022-08-30T13:58:11","slug":"contact-us","status":"publish","type":"page","link":"https:\/\/www.gunesdoor.com.tr\/en\/contact-us\/","title":{"rendered":"Contact Us"},"content":{"rendered":"<p>[vc_row overlay_dotted=&#8221;&#8221; css=&#8221;.vc_custom_1551180125532{padding-top: 10% !important;padding-right: 20px !important;padding-bottom: 10% !important;padding-left: 20px !important;}&#8221;][vc_column]<div class=\"section-title-wrap  xrton-stitle-6a075047f3825-iletisim caption-center need-bg  \"><h2 class=\"section-title\">\u0130leti\u015fim<\/h2><\/div>[\/vc_column][\/vc_row][vc_row full_width=&#8221;stretch_row_content_no_spaces&#8221; overlay_dotted=&#8221;&#8221;][vc_column width=&#8221;1\/2&#8243;][vc_column_text css=&#8221;.vc_custom_1661867883045{padding-left: 50px !important;}&#8221;]<strong>Tel:<\/strong> 0 (412) 237 28 38<\/p>\n<p><strong>Fax:<\/strong> 0 (412) 238 08 44<\/p>\n<p><strong>E-Mail:<\/strong> info@gunesdoor.com.tr<\/p>\n<p><strong>Center:<\/strong> Seyrantepe Sanayi, Sanayi 19. Sk., 21120 Yeni\u015fehir\/Diyarbak\u0131r<\/p>\n<p><strong>Factory:<\/strong> Elaz\u0131\u011f Yolu 22. Km Yayta\u015f Mah. O.S.B. 2. Etap 16. Cad. No:7 Yeni\u015fehir \/ Diyarbak\u0131r<\/p>\n<p><strong>Factory Outlet:<\/strong> Karacada\u011f Bulvar\u0131 Ba\u011fc\u0131lar Mah. Veysel Apt. Alt\u0131 135\/A Ba\u011flar \/ Diyarbak\u0131r<\/p>\n<p><strong>Factory Contact:<\/strong> Yusuf G\u00dcNE\u015e &#8211; 0532 503 0973<\/p>\n<p><strong> Our Working Hours:<\/strong> P.Tesi &#8211; C.Tesi (08:00 &#8211; 18:00)<\/p>\n<p><strong> Foreign trade chief:<\/strong> Mehmet G\u00dcNE\u015e &#8211; mehmettr98@hotmail.com[\/vc_column_text][\/vc_column][vc_column width=&#8221;1\/2&#8243;]<div role=\"form\" class=\"wpcf7\" id=\"wpcf7-f3044-o1\" lang=\"tr-TR\" dir=\"ltr\">\n<div class=\"screen-reader-response\"><p role=\"status\" aria-live=\"polite\" aria-atomic=\"true\"><\/p> <ul><\/ul><\/div>\n<form action=\"\/en\/wp-json\/wp\/v2\/pages\/3042#wpcf7-f3044-o1\" method=\"post\" class=\"wpcf7-form init\" novalidate=\"novalidate\" data-status=\"init\">\n<div style=\"display: none;\">\n<input type=\"hidden\" name=\"_wpcf7\" value=\"3044\" \/>\n<input type=\"hidden\" name=\"_wpcf7_version\" value=\"5.6.2\" \/>\n<input type=\"hidden\" name=\"_wpcf7_locale\" value=\"tr_TR\" \/>\n<input type=\"hidden\" name=\"_wpcf7_unit_tag\" value=\"wpcf7-f3044-o1\" \/>\n<input type=\"hidden\" name=\"_wpcf7_container_post\" value=\"0\" \/>\n<input type=\"hidden\" name=\"_wpcf7_posted_data_hash\" value=\"\" \/>\n<\/div>\n<p><label> Your name (Required)<br \/>\n    <span class=\"wpcf7-form-control-wrap\" data-name=\"your-name\"><input type=\"text\" name=\"your-name\" value=\"\" size=\"40\" class=\"wpcf7-form-control wpcf7-text wpcf7-validates-as-required\" aria-required=\"true\" aria-invalid=\"false\" \/><\/span> <\/label><\/p>\n<p><label><br \/>\nYour E-Mail Address (Required)<br \/>\n    <span class=\"wpcf7-form-control-wrap\" data-name=\"your-email\"><input type=\"email\" name=\"your-email\" value=\"\" size=\"40\" class=\"wpcf7-form-control wpcf7-text wpcf7-email wpcf7-validates-as-required wpcf7-validates-as-email\" aria-required=\"true\" aria-invalid=\"false\" \/><\/span> <\/label><\/p>\n<p><label> Subject<br \/>\n    <span class=\"wpcf7-form-control-wrap\" data-name=\"your-subject\"><input type=\"text\" name=\"your-subject\" value=\"\" size=\"40\" class=\"wpcf7-form-control wpcf7-text\" aria-invalid=\"false\" \/><\/span> <\/label><\/p>\n<p><label> Message<br \/>\n    <span class=\"wpcf7-form-control-wrap\" data-name=\"your-message\"><textarea name=\"your-message\" cols=\"40\" rows=\"10\" class=\"wpcf7-form-control wpcf7-textarea\" aria-invalid=\"false\"><\/textarea><\/span> <\/label><\/p>\n<p><input type=\"submit\" value=\"Send\" class=\"wpcf7-form-control has-spinner wpcf7-submit\" \/><\/p>\n<div class=\"wpcf7-response-output\" aria-hidden=\"true\"><\/div><\/form><\/div>[\/vc_column][\/vc_row][vc_row][vc_column][vc_gmaps link=&#8221;#E-8_JTNDaWZyYW1lJTIwc3JjJTNEJTIyaHR0cHMlM0ElMkYlMkZ3d3cuZ29vZ2xlLmNvbSUyRm1hcHMlMkZlbWJlZCUzRnBiJTNEJTIxMW0xNCUyMTFtOCUyMTFtMyUyMTFkMTI1ODUuOTQ4Mzg3NDk3MjE2JTIxMmQ0MC4xOTk2ODc4JTIxM2QzNy45NDI0MTExJTIxM20yJTIxMWkxMDI0JTIxMmk3NjglMjE0ZjEzLjElMjEzbTMlMjExbTIlMjExczB4MCUyNTNBMHg0Zjg3MGY3YTk5MzcxOTczJTIxMnpSOE84Ym1YRm4zQmxiZyUyMTVlMCUyMTNtMiUyMTFzdHIlMjEyc3RyJTIxNHYxNTg1NDA2MDcwNTUyJTIxNW0yJTIxMXN0ciUyMTJzdHIlMjIlMjB3aWR0aCUzRCUyMjYwMCUyMiUyMGhlaWdodCUzRCUyMjQ1MCUyMiUyMGZyYW1lYm9yZGVyJTNEJTIyMCUyMiUyMHN0eWxlJTNEJTIyYm9yZGVyJTNBMCUzQiUyMiUyMGFsbG93ZnVsbHNjcmVlbiUzRCUyMiUyMiUyMGFyaWEtaGlkZGVuJTNEJTIyZmFsc2UlMjIlMjB0YWJpbmRleCUzRCUyMjAlMjIlM0UlM0MlMkZpZnJhbWUlM0U=&#8221;][\/vc_column][\/vc_row]<\/p>\n","protected":false},"excerpt":{"rendered":"[vc_row overlay_dotted=&#8221;&#8221; css=&#8221;.vc_custom_1551180125532{padding-top: 10% !important;padding-right: 20px !important;padding-bottom: 10% !important;padding-left: 20px !important;}&#8221;][vc_column][\/vc_column][\/vc_row][vc_row full_width=&#8221;stretch_row_content_no_spaces&#8221; overlay_dotted=&#8221;&#8221;][vc_column width=&#8221;1\/2&#8243;][vc_column_text css=&#8221;.vc_custom_1661867883045{padding-left: 50px !important;}&#8221;]Tel: 0 (412) 237 28 38 Fax: 0 (412) 238 08 44 E-Mail: info@gunesdoor.com.tr Center: Seyrantepe Sanayi, Sanayi 19. Sk., 21120 Yeni\u015fehir\/Diyarbak\u0131r Factory: Elaz\u0131\u011f Yolu 22. Km Yayta\u015f Mah. O.S.B. 2. Etap 16. Cad. No:7 Yeni\u015fehir \/ Diyarbak\u0131r Factory [&#8230;]","protected":false},"author":1,"featured_media":0,"parent":0,"menu_order":0,"comment_status":"closed","ping_status":"closed","template":"","meta":[],"_links":{"self":[{"href":"https:\/\/www.gunesdoor.com.tr\/en\/wp-json\/wp\/v2\/pages\/3042"}],"collection":[{"href":"https:\/\/www.gunesdoor.com.tr\/en\/wp-json\/wp\/v2\/pages"}],"about":[{"href":"https:\/\/www.gunesdoor.com.tr\/en\/wp-json\/wp\/v2\/types\/page"}],"author":[{"embeddable":true,"href":"https:\/\/www.gunesdoor.com.tr\/en\/wp-json\/wp\/v2\/users\/1"}],"replies":[{"embeddable":true,"href":"https:\/\/www.gunesdoor.com.tr\/en\/wp-json\/wp\/v2\/comments?post=3042"}],"version-history":[{"count":2,"href":"https:\/\/www.gunesdoor.com.tr\/en\/wp-json\/wp\/v2\/pages\/3042\/revisions"}],"predecessor-version":[{"id":3057,"href":"https:\/\/www.gunesdoor.com.tr\/en\/wp-json\/wp\/v2\/pages\/3042\/revisions\/3057"}],"wp:attachment":[{"href":"https:\/\/www.gunesdoor.com.tr\/en\/wp-json\/wp\/v2\/media?parent=3042"}],"curies":[{"name":"wp","href":"https:\/\/api.w.org\/{rel}","templated":true}]}}